{"id":16,"date":"2021-09-20T13:09:16","date_gmt":"2021-09-20T11:09:16","guid":{"rendered":"https:\/\/ln-digital.fr\/SOPHIEMONAVOCATE\/?page_id=16"},"modified":"2022-06-07T11:58:37","modified_gmt":"2022-06-07T09:58:37","slug":"le-concept","status":"publish","type":"page","link":"https:\/\/ln-digital.fr\/SOPHIEMONAVOCATE\/le-concept\/","title":{"rendered":"Le concept"},"content":{"rendered":"\n<div class=\"wp-block-columns boxed-content is-layout-flex wp-container-core-columns-is-layout-9d6595d7 wp-block-columns-is-layout-flex\">\n<div class=\"wp-block-column is-layout-flow wp-block-column-is-layout-flow\">\n<h2 class=\"wp-block-heading\">Le constat<\/h2>\n\n\n\n<p>Le projet SophieMonAvocate est n\u00e9 du constat simple que bien souvent les entrepreneurs porteurs de projets ou les PME ou entreprises individuelles ne font pas appel \u00e0 un Avocat car ils ont la r\u00e9putation d\u2019\u00eatre trop chers, injoignables, avec des proc\u00e9dures et un langage trop complexes.<\/p>\n\n\n\n<p>C\u2019est ainsi qu\u2019une partie des entrepreneurs font des copi\u00e9s\/coll\u00e9s de documents juridiques trouv\u00e9s sur Internet ou encore font appel \u00e0 des Legaltechs souvent lowcost qui proposent certes, des documents \u00e0 bas co\u00fbt, mais sans aucun suivi \u00e0 court, moyen ou long terme et, plus ennuyeux, dont la qualit\u00e9 reste parfois pour ne pas dire souvent sujette \u00e0 caution.<\/p>\n\n\n\n<h2 class=\"wp-block-heading\">Le probl\u00e8me<\/h2>\n\n\n\n<p>Les entrepreneurs pensent \u00eatre prot\u00e9g\u00e9s par les documents ainsi copi\u00e9s ou t\u00e9l\u00e9charg\u00e9s, et se trouvent surpris de leur inefficacit\u00e9 ou de leur inapplicabilit\u00e9 lorsqu\u2019un litige vient \u00e0 na\u00eetre.<br>Or, une grande partie des litiges ou petits pr\u00e9-contentieux pourraient \u00eatre \u00e9vit\u00e9s avec des documents adapt\u00e9s et compris par les entrepreneurs qui les utilisent au quotidien.<\/p>\n\n\n\n<h2 class=\"wp-block-heading\">La solution<\/h2>\n\n\n\n<p>Forte de son exp\u00e9rience dans le domaine du num\u00e9rique et du digital, la fondatrice de SophieMonAvocate, avocat et entrepreneur dans l\u2019\u00e2me a d\u00e9cid\u00e9 de proposer un accompagnement g\u00e9n\u00e9rique en ligne pour les entrepreneurs porteurs de projets de site e-commerce, de d\u00e9veloppement d\u2019applications, ou tout simplement ayant des probl\u00e9matiques li\u00e9es au digital.<\/p>\n\n\n\n<p>L\u2019id\u00e9e de SophieMonAvocate est de mettre \u00e0 disposition des entrepreneurs des ressources (mod\u00e8les de documents g\u00e9n\u00e9riques, notices, formations\u2026) afin qu\u2019ils puissent ensuite les compl\u00e9ter et les utiliser de mani\u00e8re autonome.<\/p>\n\n\n\n<h2 class=\"wp-block-heading\">Qui se cache derri\u00e8re SophieMonAvocate ?<\/h2>\n\n\n\n<p>SophieMonAvocate met \u00e0 dispose des mod\u00e8les de documents g\u00e9n\u00e9riques qui sont remplis ensuite par ses soins de mani\u00e8re autonome. De ce fait, sauf si l\u2019utilisateur associe une formule \u00e0 son document g\u00e9n\u00e9rique gr\u00e2ce \u00e0 laquelle il sera mis en relation avec un avocat, le site ne dispense pas de conseil juridique personnalis\u00e9.<\/p>\n\n\n\n<p>Si vous souhaitez un accompagnement juridique personnalis\u00e9, c\u2019est possible en faisant appel \u00e0 nos Avocats par l\u2019interm\u00e9diaire du site <a href=\"https:\/\/www.savaides-avocat.com\" target=\"_blank\" rel=\"noreferrer noopener\">www.savaides-avocat.com<\/a>.<\/p>\n<\/div>\n\n\n\n<div class=\"wp-block-column is-layout-flow wp-block-column-is-layout-flow\">\n<figure class=\"wp-block-image size-large\"><img loading=\"lazy\" decoding=\"async\" width=\"525\" height=\"1024\" src=\"https:\/\/ln-digital.fr\/SOPHIEMONAVOCATE\/wp-content\/uploads\/2022\/06\/SMA-BD-V4-525x1024.jpg\" alt=\"\" class=\"wp-image-755\" srcset=\"https:\/\/ln-digital.fr\/SOPHIEMONAVOCATE\/wp-content\/uploads\/2022\/06\/SMA-BD-V4-525x1024.jpg 525w, https:\/\/ln-digital.fr\/SOPHIEMONAVOCATE\/wp-content\/uploads\/2022\/06\/SMA-BD-V4-154x300.jpg 154w, https:\/\/ln-digital.fr\/SOPHIEMONAVOCATE\/wp-content\/uploads\/2022\/06\/SMA-BD-V4-768x1498.jpg 768w, https:\/\/ln-digital.fr\/SOPHIEMONAVOCATE\/wp-content\/uploads\/2022\/06\/SMA-BD-V4-788x1536.jpg 788w, https:\/\/ln-digital.fr\/SOPHIEMONAVOCATE\/wp-content\/uploads\/2022\/06\/SMA-BD-V4-600x1170.jpg 600w, https:\/\/ln-digital.fr\/SOPHIEMONAVOCATE\/wp-content\/uploads\/2022\/06\/SMA-BD-V4.jpg 800w\" sizes=\"auto, (max-width: 525px) 100vw, 525px\" \/><\/figure>\n<\/div>\n<\/div>\n\n\n\n<div style=\"height:60px\" aria-hidden=\"true\" class=\"wp-block-spacer\"><\/div>\n\n\n\n<div class=\"wp-block-columns txt-center boxed-content is-layout-flex wp-container-core-columns-is-layout-9d6595d7 wp-block-columns-is-layout-flex\">\n<div class=\"wp-block-column is-layout-flow wp-block-column-is-layout-flow\">\n<h2 class=\"has-text-align-center wp-block-heading\">Vous voulez essayez&nbsp;? Laissez-vous guider&nbsp;!<\/h2>\n\n\n\n<h3 class=\"has-text-align-center btn-brand wp-block-heading\"><a href=\"https:\/\/ln-digital.fr\/SOPHIEMONAVOCATE\/nous-vous-guidons-ici\/\" data-type=\"page\" data-id=\"592\">Nous vous guidons ici<\/a><\/h3>\n<\/div>\n<\/div>\n\n\n\n<div style=\"height:120px\" aria-hidden=\"true\" class=\"wp-block-spacer\"><\/div>\n","protected":false},"excerpt":{"rendered":"<p>Le constat Le projet SophieMonAvocate est n\u00e9 du constat simple que bien souvent les entrepreneurs porteurs de projets ou les PME ou entreprises individuelles ne font pas appel \u00e0 un Avocat car ils ont la r\u00e9putation d\u2019\u00eatre trop chers, injoignables, avec des proc\u00e9dures et un langage trop complexes. C\u2019est ainsi qu\u2019une partie des entrepreneurs font [&hellip;]<\/p>\n","protected":false},"author":1,"featured_media":0,"parent":0,"menu_order":0,"comment_status":"closed","ping_status":"closed","template":"","meta":{"footnotes":""},"class_list":["post-16","page","type-page","status-publish","hentry"],"acf":[],"_links":{"self":[{"href":"https:\/\/ln-digital.fr\/SOPHIEMONAVOCATE\/wp-json\/wp\/v2\/pages\/16","targetHints":{"allow":["GET"]}}],"collection":[{"href":"https:\/\/ln-digital.fr\/SOPHIEMONAVOCATE\/wp-json\/wp\/v2\/pages"}],"about":[{"href":"https:\/\/ln-digital.fr\/SOPHIEMONAVOCATE\/wp-json\/wp\/v2\/types\/page"}],"author":[{"embeddable":true,"href":"https:\/\/ln-digital.fr\/SOPHIEMONAVOCATE\/wp-json\/wp\/v2\/users\/1"}],"replies":[{"embeddable":true,"href":"https:\/\/ln-digital.fr\/SOPHIEMONAVOCATE\/wp-json\/wp\/v2\/comments?post=16"}],"version-history":[{"count":23,"href":"https:\/\/ln-digital.fr\/SOPHIEMONAVOCATE\/wp-json\/wp\/v2\/pages\/16\/revisions"}],"predecessor-version":[{"id":756,"href":"https:\/\/ln-digital.fr\/SOPHIEMONAVOCATE\/wp-json\/wp\/v2\/pages\/16\/revisions\/756"}],"wp:attachment":[{"href":"https:\/\/ln-digital.fr\/SOPHIEMONAVOCATE\/wp-json\/wp\/v2\/media?parent=16"}],"curies":[{"name":"wp","href":"https:\/\/api.w.org\/{rel}","templated":true}]}}