{"id":420,"date":"2022-01-25T22:14:01","date_gmt":"2022-01-25T21:14:01","guid":{"rendered":"https:\/\/ln-digital.fr\/SOPHIEMONAVOCATE\/?page_id=420"},"modified":"2022-04-25T16:38:48","modified_gmt":"2022-04-25T14:38:48","slug":"laccompagnement","status":"publish","type":"page","link":"https:\/\/ln-digital.fr\/SOPHIEMONAVOCATE\/laccompagnement\/","title":{"rendered":"Nos offres d\u2019accompagnement"},"content":{"rendered":"\n<div class=\"wp-block-columns is-layout-flex wp-container-core-columns-is-layout-9d6595d7 wp-block-columns-is-layout-flex\">\n<div class=\"wp-block-column is-layout-flow wp-block-column-is-layout-flow\" style=\"flex-basis:20%\"><\/div>\n\n\n\n<div class=\"wp-block-column is-layout-flow wp-block-column-is-layout-flow\" style=\"flex-basis:60%\">\n<h2 class=\"has-text-align-center wp-block-heading\">Les offres sont propos\u00e9es selon le degr\u00e9 d\u2019accompagnement souhait\u00e9 et la th\u00e9matique demand\u00e9e.<\/h2>\n<\/div>\n\n\n\n<div class=\"wp-block-column is-layout-flow wp-block-column-is-layout-flow\" style=\"flex-basis:20%\"><\/div>\n<\/div>\n\n\n\n<div class=\"wp-block-image\"><figure class=\"aligncenter is-resized\"><img loading=\"lazy\" decoding=\"async\" src=\"https:\/\/ln-digital.fr\/SOPHIEMONAVOCATE\/wp-content\/uploads\/2021\/10\/main-sma-btn-bottom.png\" alt=\"\" class=\"wp-image-259\" width=\"75\" height=\"108\"\/><\/figure><\/div>\n\n\n\n<div class=\"wp-block-columns boxed-content is-layout-flex wp-container-core-columns-is-layout-9d6595d7 wp-block-columns-is-layout-flex\">\n<div class=\"wp-block-column is-layout-flow wp-block-column-is-layout-flow\" style=\"flex-basis:100%\"><div class=\"formules_blocs\"><ul><li><h3 class=\"pb-0\">L'accompagnement <br\/><strong>Simple<\/strong><\/h3><p class=\"txt-uppercase\">\"Juste le document et les notices, je me d\u00e9brouille tout seul pour le reste !\"<\/p><div class=\"services_blocs\"><ul><li><img loading=\"lazy\" decoding=\"async\" width=\"150\" height=\"150\" src=\"https:\/\/ln-digital.fr\/SOPHIEMONAVOCATE\/wp-content\/uploads\/2022\/02\/document-avec-notice-150x150.png\" class=\"attachment-thumbnail size-thumbnail\" alt=\"\" srcset=\"https:\/\/ln-digital.fr\/SOPHIEMONAVOCATE\/wp-content\/uploads\/2022\/02\/document-avec-notice-150x150.png 150w, https:\/\/ln-digital.fr\/SOPHIEMONAVOCATE\/wp-content\/uploads\/2022\/02\/document-avec-notice-300x300.png 300w, https:\/\/ln-digital.fr\/SOPHIEMONAVOCATE\/wp-content\/uploads\/2022\/02\/document-avec-notice-100x100.png 100w, https:\/\/ln-digital.fr\/SOPHIEMONAVOCATE\/wp-content\/uploads\/2022\/02\/document-avec-notice.png 500w\" sizes=\"auto, (max-width: 150px) 100vw, 150px\" \/><div class=\"content_presta\"><h4 id=\"simple_2\">documents avec notices <i>+<\/i><\/h4><p id=\"presta_simple_2\">Un lien avec l\u2019ensemble des documents vous est envoy\u00e9 avec une notice pour comprendre comment les compl\u00e9ter et les utiliser<\/p><\/div><\/li><\/ul><\/div><\/li><li><h3 class=\"pb-0\">L'accompagnement <br\/><strong>Semi-Complet<\/strong><\/h3><p class=\"txt-uppercase\">\"Je t\u00e9l\u00e9charge le mod\u00e8le et je veux un entretien d\u20191\/2h avec un avocat pour \u00eatre s\u00fbr !\"<\/p><div class=\"services_blocs\"><ul><li><img loading=\"lazy\" decoding=\"async\" width=\"150\" height=\"150\" src=\"https:\/\/ln-digital.fr\/SOPHIEMONAVOCATE\/wp-content\/uploads\/2022\/06\/consultation-150x150.png\" class=\"attachment-thumbnail size-thumbnail\" alt=\"\" srcset=\"https:\/\/ln-digital.fr\/SOPHIEMONAVOCATE\/wp-content\/uploads\/2022\/06\/consultation-150x150.png 150w, https:\/\/ln-digital.fr\/SOPHIEMONAVOCATE\/wp-content\/uploads\/2022\/06\/consultation-300x300.png 300w, https:\/\/ln-digital.fr\/SOPHIEMONAVOCATE\/wp-content\/uploads\/2022\/06\/consultation-100x100.png 100w, https:\/\/ln-digital.fr\/SOPHIEMONAVOCATE\/wp-content\/uploads\/2022\/06\/consultation.png 500w\" sizes=\"auto, (max-width: 150px) 100vw, 150px\" \/><div class=\"content_presta\"><h4 id=\"semi-complet_1\">1\/2h de consult <i>+<\/i><\/h4><p id=\"presta_semi-complet_1\">vous \u00eates en relation 1\/2h avec un avocat pour d\u00e9terminer si l\u2019accompagnement propos\u00e9 correspond \u00e0 vos besoins et discuter de votre projet<\/p><\/div><\/li><li><img loading=\"lazy\" decoding=\"async\" width=\"150\" height=\"150\" src=\"https:\/\/ln-digital.fr\/SOPHIEMONAVOCATE\/wp-content\/uploads\/2022\/02\/document-avec-notice-150x150.png\" class=\"attachment-thumbnail size-thumbnail\" alt=\"\" srcset=\"https:\/\/ln-digital.fr\/SOPHIEMONAVOCATE\/wp-content\/uploads\/2022\/02\/document-avec-notice-150x150.png 150w, https:\/\/ln-digital.fr\/SOPHIEMONAVOCATE\/wp-content\/uploads\/2022\/02\/document-avec-notice-300x300.png 300w, https:\/\/ln-digital.fr\/SOPHIEMONAVOCATE\/wp-content\/uploads\/2022\/02\/document-avec-notice-100x100.png 100w, https:\/\/ln-digital.fr\/SOPHIEMONAVOCATE\/wp-content\/uploads\/2022\/02\/document-avec-notice.png 500w\" sizes=\"auto, (max-width: 150px) 100vw, 150px\" \/><div class=\"content_presta\"><h4 id=\"semi-complet_2\">documents avec notices <i>+<\/i><\/h4><p id=\"presta_semi-complet_2\">Un lien avec l\u2019ensemble des documents vous est envoy\u00e9 avec une notice pour comprendre comment les compl\u00e9ter et les utiliser<\/p><\/div><\/li><li><img loading=\"lazy\" decoding=\"async\" width=\"150\" height=\"150\" src=\"https:\/\/ln-digital.fr\/SOPHIEMONAVOCATE\/wp-content\/uploads\/2022\/02\/webinar-150x150.png\" class=\"attachment-thumbnail size-thumbnail\" alt=\"\" srcset=\"https:\/\/ln-digital.fr\/SOPHIEMONAVOCATE\/wp-content\/uploads\/2022\/02\/webinar-150x150.png 150w, https:\/\/ln-digital.fr\/SOPHIEMONAVOCATE\/wp-content\/uploads\/2022\/02\/webinar-300x300.png 300w, https:\/\/ln-digital.fr\/SOPHIEMONAVOCATE\/wp-content\/uploads\/2022\/02\/webinar-100x100.png 100w, https:\/\/ln-digital.fr\/SOPHIEMONAVOCATE\/wp-content\/uploads\/2022\/02\/webinar.png 500w\" sizes=\"auto, (max-width: 150px) 100vw, 150px\" \/><div class=\"content_presta\"><h4 id=\"semi-complet_4\">1 ticket webinar   <i>+<\/i><\/h4><p id=\"presta_semi-complet_4\">Vous disposez d\u2019un ticket pour un webinair pour apprendre \u00e0 bien utiliser vos documents et acqu\u00e9rir les premiers r\u00e9flexes en cas de litige <\/p><\/div><\/li><\/ul><\/div><\/li><li><h3 class=\"pb-0\">L'accompagnement <br\/><strong>Complet<\/strong><\/h3><p class=\"txt-uppercase\">\"Je souhaite un accompagnement plus complet pour m'assurer que tout soit en r\u00e8gle.\"<\/p><div class=\"services_blocs\"><ul><li><img loading=\"lazy\" decoding=\"async\" width=\"150\" height=\"150\" src=\"https:\/\/ln-digital.fr\/SOPHIEMONAVOCATE\/wp-content\/uploads\/2022\/06\/consultation-150x150.png\" class=\"attachment-thumbnail size-thumbnail\" alt=\"\" srcset=\"https:\/\/ln-digital.fr\/SOPHIEMONAVOCATE\/wp-content\/uploads\/2022\/06\/consultation-150x150.png 150w, https:\/\/ln-digital.fr\/SOPHIEMONAVOCATE\/wp-content\/uploads\/2022\/06\/consultation-300x300.png 300w, https:\/\/ln-digital.fr\/SOPHIEMONAVOCATE\/wp-content\/uploads\/2022\/06\/consultation-100x100.png 100w, https:\/\/ln-digital.fr\/SOPHIEMONAVOCATE\/wp-content\/uploads\/2022\/06\/consultation.png 500w\" sizes=\"auto, (max-width: 150px) 100vw, 150px\" \/><div class=\"content_presta\"><h4 id=\"complet_1\">1\/2h de consult <i>+<\/i><\/h4><p id=\"presta_complet_1\">vous \u00eates en relation 1\/2h avec un avocat pour d\u00e9terminer si l\u2019accompagnement propos\u00e9 correspond \u00e0 vos besoins et discuter de votre projet<\/p><\/div><\/li><li><img loading=\"lazy\" decoding=\"async\" width=\"150\" height=\"150\" src=\"https:\/\/ln-digital.fr\/SOPHIEMONAVOCATE\/wp-content\/uploads\/2022\/02\/document-avec-notice-150x150.png\" class=\"attachment-thumbnail size-thumbnail\" alt=\"\" srcset=\"https:\/\/ln-digital.fr\/SOPHIEMONAVOCATE\/wp-content\/uploads\/2022\/02\/document-avec-notice-150x150.png 150w, https:\/\/ln-digital.fr\/SOPHIEMONAVOCATE\/wp-content\/uploads\/2022\/02\/document-avec-notice-300x300.png 300w, https:\/\/ln-digital.fr\/SOPHIEMONAVOCATE\/wp-content\/uploads\/2022\/02\/document-avec-notice-100x100.png 100w, https:\/\/ln-digital.fr\/SOPHIEMONAVOCATE\/wp-content\/uploads\/2022\/02\/document-avec-notice.png 500w\" sizes=\"auto, (max-width: 150px) 100vw, 150px\" \/><div class=\"content_presta\"><h4 id=\"complet_2\">documents avec notices <i>+<\/i><\/h4><p id=\"presta_complet_2\">Un lien avec l\u2019ensemble des documents vous est envoy\u00e9 avec une notice pour comprendre comment les compl\u00e9ter et les utiliser<\/p><\/div><\/li><li><img loading=\"lazy\" decoding=\"async\" width=\"150\" height=\"150\" src=\"https:\/\/ln-digital.fr\/SOPHIEMONAVOCATE\/wp-content\/uploads\/2022\/02\/lecture-et-revision-150x150.png\" class=\"attachment-thumbnail size-thumbnail\" alt=\"\" srcset=\"https:\/\/ln-digital.fr\/SOPHIEMONAVOCATE\/wp-content\/uploads\/2022\/02\/lecture-et-revision-150x150.png 150w, https:\/\/ln-digital.fr\/SOPHIEMONAVOCATE\/wp-content\/uploads\/2022\/02\/lecture-et-revision-300x300.png 300w, https:\/\/ln-digital.fr\/SOPHIEMONAVOCATE\/wp-content\/uploads\/2022\/02\/lecture-et-revision-100x100.png 100w, https:\/\/ln-digital.fr\/SOPHIEMONAVOCATE\/wp-content\/uploads\/2022\/02\/lecture-et-revision.png 500w\" sizes=\"auto, (max-width: 150px) 100vw, 150px\" \/><div class=\"content_presta\"><h4 id=\"complet_3\">1h de relecture et r\u00e9vision <i>+<\/i><\/h4><p id=\"presta_complet_3\">L\u2019avocat relie et r\u00e9vise les documents durant 1h de temps<\/p><\/div><\/li><li><img loading=\"lazy\" decoding=\"async\" width=\"150\" height=\"150\" src=\"https:\/\/ln-digital.fr\/SOPHIEMONAVOCATE\/wp-content\/uploads\/2022\/02\/webinar-150x150.png\" class=\"attachment-thumbnail size-thumbnail\" alt=\"\" srcset=\"https:\/\/ln-digital.fr\/SOPHIEMONAVOCATE\/wp-content\/uploads\/2022\/02\/webinar-150x150.png 150w, https:\/\/ln-digital.fr\/SOPHIEMONAVOCATE\/wp-content\/uploads\/2022\/02\/webinar-300x300.png 300w, https:\/\/ln-digital.fr\/SOPHIEMONAVOCATE\/wp-content\/uploads\/2022\/02\/webinar-100x100.png 100w, https:\/\/ln-digital.fr\/SOPHIEMONAVOCATE\/wp-content\/uploads\/2022\/02\/webinar.png 500w\" sizes=\"auto, (max-width: 150px) 100vw, 150px\" \/><div class=\"content_presta\"><h4 id=\"complet_4\">1 ticket webinar   <i>+<\/i><\/h4><p id=\"presta_complet_4\">Vous disposez d\u2019un ticket pour un webinair pour apprendre \u00e0 bien utiliser vos documents et acqu\u00e9rir les premiers r\u00e9flexes en cas de litige <\/p><\/div><\/li><\/ul><\/div><\/li><\/ul><\/div><script>\n\t\t\t\t\t\tjQuery( \".content_presta h4\" ).click(function() {\n\t\t\t\t\t\t\tvar elem = jQuery(this).attr(\"id\");\n\t\t\t\t\t\t\tif(jQuery(\"#presta_\"+elem).hasClass(\"active\")){\n\t\t\t\t\t\t\t\tjQuery(\"#presta_\"+elem).removeClass(\"active\");\n\t\t\t\t\t\t\t}\n\t\t\t\t\t\t\telse {\n\t\t\t\t\t\t\t\tjQuery(\"#presta_\"+elem).addClass(\"active\");\n\t\t\t\t\t\t\t}\n\t\t\t\t\t\t});\n\t\t\t\t\t\t\n\t\t\t\t\t<\/script>\n<\/div>\n<\/div>\n\n\n\n<div class=\"wp-block-columns is-layout-flex wp-container-core-columns-is-layout-9d6595d7 wp-block-columns-is-layout-flex\">\n<div class=\"wp-block-column has-white-background-color has-background is-layout-flow wp-block-column-is-layout-flow\">\n<div class=\"wp-block-columns boxed-content is-layout-flex wp-container-core-columns-is-layout-9d6595d7 wp-block-columns-is-layout-flex\">\n<div class=\"wp-block-column boxed-content is-layout-flow wp-block-column-is-layout-flow\">\n<div style=\"height:60px\" aria-hidden=\"true\" class=\"wp-block-spacer\"><\/div>\n\n\n\n<h2 class=\"has-text-align-center wp-block-heading\">Les documents<\/h2>\n\n\n<div data-block-name=\"woocommerce\/product-category\" data-columns=\"4\" data-categories=\"[16]\" data-content-visibility=\"{&quot;title&quot;:true,&quot;price&quot;:false,&quot;rating&quot;:true,&quot;button&quot;:true}\" class=\"wc-block-grid wp-block-product-category wc-block-product-category has-4-columns has-multiple-rows\"><ul class=\"wc-block-grid__products\"><li class=\"wc-block-grid__product\">\n\t\t\t\t<a href=\"https:\/\/ln-digital.fr\/SOPHIEMONAVOCATE\/services\/les-conditions-generales-de-vente\/\" class=\"wc-block-grid__product-link\">\n\t\t\t\t\t<div class=\"wc-block-grid__product-image\"><img loading=\"lazy\" decoding=\"async\" width=\"300\" height=\"300\" src=\"https:\/\/ln-digital.fr\/SOPHIEMONAVOCATE\/wp-content\/uploads\/2021\/12\/Icons-SMA-CGV-300x300.png\" class=\"attachment-woocommerce_thumbnail size-woocommerce_thumbnail\" alt=\"Des conditions g\u00e9n\u00e9rales de vente\" srcset=\"https:\/\/ln-digital.fr\/SOPHIEMONAVOCATE\/wp-content\/uploads\/2021\/12\/Icons-SMA-CGV-300x300.png 300w, https:\/\/ln-digital.fr\/SOPHIEMONAVOCATE\/wp-content\/uploads\/2021\/12\/Icons-SMA-CGV-1024x1024.png 1024w, https:\/\/ln-digital.fr\/SOPHIEMONAVOCATE\/wp-content\/uploads\/2021\/12\/Icons-SMA-CGV-150x150.png 150w, https:\/\/ln-digital.fr\/SOPHIEMONAVOCATE\/wp-content\/uploads\/2021\/12\/Icons-SMA-CGV-768x768.png 768w, https:\/\/ln-digital.fr\/SOPHIEMONAVOCATE\/wp-content\/uploads\/2021\/12\/Icons-SMA-CGV-600x600.png 600w, https:\/\/ln-digital.fr\/SOPHIEMONAVOCATE\/wp-content\/uploads\/2021\/12\/Icons-SMA-CGV-100x100.png 100w, https:\/\/ln-digital.fr\/SOPHIEMONAVOCATE\/wp-content\/uploads\/2021\/12\/Icons-SMA-CGV.png 1200w\" sizes=\"auto, (max-width: 300px) 100vw, 300px\" \/><\/div>\n\t\t\t\t\t<div class=\"wc-block-grid__product-title\">Des conditions g\u00e9n\u00e9rales de vente<\/div>\n\t\t\t\t<\/a>\n\t\t\t\t\n\t\t\t\t\n\t\t\t\t\n\t\t\t\t<div class=\"wp-block-button wc-block-grid__product-add-to-cart\"><a href=\"https:\/\/ln-digital.fr\/SOPHIEMONAVOCATE\/services\/les-conditions-generales-de-vente\/\" aria-label=\"S\u00e9lectionner les options pour &ldquo;Des conditions g\u00e9n\u00e9rales de vente&rdquo;\" data-quantity=\"1\" data-product_id=\"328\" data-product_sku=\"\" rel=\"nofollow\" class=\"wp-block-button__link add_to_cart_button\">D\u00e9couvrir les formules<\/a><\/div>\n\t\t\t<\/li><li class=\"wc-block-grid__product\">\n\t\t\t\t<a href=\"https:\/\/ln-digital.fr\/SOPHIEMONAVOCATE\/services\/les-mentions-legales\/\" class=\"wc-block-grid__product-link\">\n\t\t\t\t\t<div class=\"wc-block-grid__product-image\"><img loading=\"lazy\" decoding=\"async\" width=\"300\" height=\"300\" src=\"https:\/\/ln-digital.fr\/SOPHIEMONAVOCATE\/wp-content\/uploads\/2021\/12\/Icons-SMA-Mentions-le\u0301gales-300x300.png\" class=\"attachment-woocommerce_thumbnail size-woocommerce_thumbnail\" alt=\"Des mentions l\u00e9gales\" srcset=\"https:\/\/ln-digital.fr\/SOPHIEMONAVOCATE\/wp-content\/uploads\/2021\/12\/Icons-SMA-Mentions-le\u0301gales-300x300.png 300w, https:\/\/ln-digital.fr\/SOPHIEMONAVOCATE\/wp-content\/uploads\/2021\/12\/Icons-SMA-Mentions-le\u0301gales-1024x1024.png 1024w, https:\/\/ln-digital.fr\/SOPHIEMONAVOCATE\/wp-content\/uploads\/2021\/12\/Icons-SMA-Mentions-le\u0301gales-150x150.png 150w, https:\/\/ln-digital.fr\/SOPHIEMONAVOCATE\/wp-content\/uploads\/2021\/12\/Icons-SMA-Mentions-le\u0301gales-768x768.png 768w, https:\/\/ln-digital.fr\/SOPHIEMONAVOCATE\/wp-content\/uploads\/2021\/12\/Icons-SMA-Mentions-le\u0301gales-600x600.png 600w, https:\/\/ln-digital.fr\/SOPHIEMONAVOCATE\/wp-content\/uploads\/2021\/12\/Icons-SMA-Mentions-le\u0301gales-100x100.png 100w, https:\/\/ln-digital.fr\/SOPHIEMONAVOCATE\/wp-content\/uploads\/2021\/12\/Icons-SMA-Mentions-le\u0301gales.png 1200w\" sizes=\"auto, (max-width: 300px) 100vw, 300px\" \/><\/div>\n\t\t\t\t\t<div class=\"wc-block-grid__product-title\">Des mentions l\u00e9gales<\/div>\n\t\t\t\t<\/a>\n\t\t\t\t\n\t\t\t\t\n\t\t\t\t\n\t\t\t\t<div class=\"wp-block-button wc-block-grid__product-add-to-cart\"><a href=\"https:\/\/ln-digital.fr\/SOPHIEMONAVOCATE\/services\/les-mentions-legales\/\" aria-label=\"S\u00e9lectionner les options pour &ldquo;Des mentions l\u00e9gales&rdquo;\" data-quantity=\"1\" data-product_id=\"327\" data-product_sku=\"\" rel=\"nofollow\" class=\"wp-block-button__link add_to_cart_button\">D\u00e9couvrir les formules<\/a><\/div>\n\t\t\t<\/li><li class=\"wc-block-grid__product\">\n\t\t\t\t<a href=\"https:\/\/ln-digital.fr\/SOPHIEMONAVOCATE\/services\/les-conditions-generales-dutilisation\/\" class=\"wc-block-grid__product-link\">\n\t\t\t\t\t<div class=\"wc-block-grid__product-image\"><img loading=\"lazy\" decoding=\"async\" width=\"300\" height=\"300\" src=\"https:\/\/ln-digital.fr\/SOPHIEMONAVOCATE\/wp-content\/uploads\/2021\/12\/Icons-SMA-CGU-300x300.png\" class=\"attachment-woocommerce_thumbnail size-woocommerce_thumbnail\" alt=\"Des conditions g\u00e9n\u00e9rales d\u2019utilisation\" srcset=\"https:\/\/ln-digital.fr\/SOPHIEMONAVOCATE\/wp-content\/uploads\/2021\/12\/Icons-SMA-CGU-300x300.png 300w, https:\/\/ln-digital.fr\/SOPHIEMONAVOCATE\/wp-content\/uploads\/2021\/12\/Icons-SMA-CGU-1024x1024.png 1024w, https:\/\/ln-digital.fr\/SOPHIEMONAVOCATE\/wp-content\/uploads\/2021\/12\/Icons-SMA-CGU-150x150.png 150w, https:\/\/ln-digital.fr\/SOPHIEMONAVOCATE\/wp-content\/uploads\/2021\/12\/Icons-SMA-CGU-768x768.png 768w, https:\/\/ln-digital.fr\/SOPHIEMONAVOCATE\/wp-content\/uploads\/2021\/12\/Icons-SMA-CGU-600x600.png 600w, https:\/\/ln-digital.fr\/SOPHIEMONAVOCATE\/wp-content\/uploads\/2021\/12\/Icons-SMA-CGU-100x100.png 100w, https:\/\/ln-digital.fr\/SOPHIEMONAVOCATE\/wp-content\/uploads\/2021\/12\/Icons-SMA-CGU.png 1200w\" sizes=\"auto, (max-width: 300px) 100vw, 300px\" \/><\/div>\n\t\t\t\t\t<div class=\"wc-block-grid__product-title\">Des conditions g\u00e9n\u00e9rales d\u2019utilisation<\/div>\n\t\t\t\t<\/a>\n\t\t\t\t\n\t\t\t\t\n\t\t\t\t\n\t\t\t\t<div class=\"wp-block-button wc-block-grid__product-add-to-cart\"><a href=\"https:\/\/ln-digital.fr\/SOPHIEMONAVOCATE\/services\/les-conditions-generales-dutilisation\/\" aria-label=\"S\u00e9lectionner les options pour &ldquo;Des conditions g\u00e9n\u00e9rales d\u2019utilisation&rdquo;\" data-quantity=\"1\" data-product_id=\"326\" data-product_sku=\"\" rel=\"nofollow\" class=\"wp-block-button__link add_to_cart_button\">D\u00e9couvrir les formules<\/a><\/div>\n\t\t\t<\/li><li class=\"wc-block-grid__product\">\n\t\t\t\t<a href=\"https:\/\/ln-digital.fr\/SOPHIEMONAVOCATE\/services\/la-politique-de-confidentialite\/\" class=\"wc-block-grid__product-link\">\n\t\t\t\t\t<div class=\"wc-block-grid__product-image\"><img loading=\"lazy\" decoding=\"async\" width=\"300\" height=\"300\" src=\"https:\/\/ln-digital.fr\/SOPHIEMONAVOCATE\/wp-content\/uploads\/2021\/12\/Icons-SMA-Confidentialite\u0301-300x300.png\" class=\"attachment-woocommerce_thumbnail size-woocommerce_thumbnail\" alt=\"Une politique de confidentialit\u00e9\" srcset=\"https:\/\/ln-digital.fr\/SOPHIEMONAVOCATE\/wp-content\/uploads\/2021\/12\/Icons-SMA-Confidentialite\u0301-300x300.png 300w, https:\/\/ln-digital.fr\/SOPHIEMONAVOCATE\/wp-content\/uploads\/2021\/12\/Icons-SMA-Confidentialite\u0301-1024x1024.png 1024w, https:\/\/ln-digital.fr\/SOPHIEMONAVOCATE\/wp-content\/uploads\/2021\/12\/Icons-SMA-Confidentialite\u0301-150x150.png 150w, https:\/\/ln-digital.fr\/SOPHIEMONAVOCATE\/wp-content\/uploads\/2021\/12\/Icons-SMA-Confidentialite\u0301-768x768.png 768w, https:\/\/ln-digital.fr\/SOPHIEMONAVOCATE\/wp-content\/uploads\/2021\/12\/Icons-SMA-Confidentialite\u0301-600x600.png 600w, https:\/\/ln-digital.fr\/SOPHIEMONAVOCATE\/wp-content\/uploads\/2021\/12\/Icons-SMA-Confidentialite\u0301-100x100.png 100w, https:\/\/ln-digital.fr\/SOPHIEMONAVOCATE\/wp-content\/uploads\/2021\/12\/Icons-SMA-Confidentialite\u0301.png 1200w\" sizes=\"auto, (max-width: 300px) 100vw, 300px\" \/><\/div>\n\t\t\t\t\t<div class=\"wc-block-grid__product-title\">Une politique de confidentialit\u00e9<\/div>\n\t\t\t\t<\/a>\n\t\t\t\t\n\t\t\t\t\n\t\t\t\t\n\t\t\t\t<div class=\"wp-block-button wc-block-grid__product-add-to-cart\"><a href=\"https:\/\/ln-digital.fr\/SOPHIEMONAVOCATE\/services\/la-politique-de-confidentialite\/\" aria-label=\"S\u00e9lectionner les options pour &ldquo;Une politique de confidentialit\u00e9&rdquo;\" data-quantity=\"1\" data-product_id=\"258\" data-product_sku=\"\" rel=\"nofollow\" class=\"wp-block-button__link add_to_cart_button\">D\u00e9couvrir les formules<\/a><\/div>\n\t\t\t<\/li><\/ul><\/div>\n\n\n<div style=\"height:60px\" aria-hidden=\"true\" class=\"wp-block-spacer\"><\/div>\n<\/div>\n<\/div>\n<\/div>\n<\/div>\n","protected":false},"excerpt":{"rendered":"<p>Les offres sont propos\u00e9es selon le degr\u00e9 d\u2019accompagnement souhait\u00e9 et la th\u00e9matique demand\u00e9e. Les documents<\/p>\n","protected":false},"author":1,"featured_media":0,"parent":0,"menu_order":0,"comment_status":"closed","ping_status":"closed","template":"","meta":{"footnotes":""},"class_list":["post-420","page","type-page","status-publish","hentry"],"acf":[],"_links":{"self":[{"href":"https:\/\/ln-digital.fr\/SOPHIEMONAVOCATE\/wp-json\/wp\/v2\/pages\/420","targetHints":{"allow":["GET"]}}],"collection":[{"href":"https:\/\/ln-digital.fr\/SOPHIEMONAVOCATE\/wp-json\/wp\/v2\/pages"}],"about":[{"href":"https:\/\/ln-digital.fr\/SOPHIEMONAVOCATE\/wp-json\/wp\/v2\/types\/page"}],"author":[{"embeddable":true,"href":"https:\/\/ln-digital.fr\/SOPHIEMONAVOCATE\/wp-json\/wp\/v2\/users\/1"}],"replies":[{"embeddable":true,"href":"https:\/\/ln-digital.fr\/SOPHIEMONAVOCATE\/wp-json\/wp\/v2\/comments?post=420"}],"version-history":[{"count":10,"href":"https:\/\/ln-digital.fr\/SOPHIEMONAVOCATE\/wp-json\/wp\/v2\/pages\/420\/revisions"}],"predecessor-version":[{"id":708,"href":"https:\/\/ln-digital.fr\/SOPHIEMONAVOCATE\/wp-json\/wp\/v2\/pages\/420\/revisions\/708"}],"wp:attachment":[{"href":"https:\/\/ln-digital.fr\/SOPHIEMONAVOCATE\/wp-json\/wp\/v2\/media?parent=420"}],"curies":[{"name":"wp","href":"https:\/\/api.w.org\/{rel}","templated":true}]}}