{"id":460,"date":"2022-01-25T23:10:21","date_gmt":"2022-01-25T22:10:21","guid":{"rendered":"https:\/\/ln-digital.fr\/SOPHIEMONAVOCATE\/?page_id=460"},"modified":"2022-06-03T15:52:01","modified_gmt":"2022-06-03T13:52:01","slug":"conditions-generales-dutilisation","status":"publish","type":"page","link":"https:\/\/ln-digital.fr\/SOPHIEMONAVOCATE\/conditions-generales-dutilisation\/","title":{"rendered":"Conditions g\u00e9n\u00e9rales d&rsquo;utilisation <br>&#038; mentions l\u00e9gales"},"content":{"rendered":"\n<div class=\"wp-block-group content-large\"><div class=\"wp-block-group__inner-container is-layout-flow wp-block-group-is-layout-flow\">\n<p><strong>\u00c9diteur<\/strong> <strong>du Site<\/strong> (ci-apr\u00e8s \u00ab\u00a0SophieMonAvocate.com\u00a0\u00bb)\u00a0: <br>Me Sophie SAVA\u00cfDES, avocat, inscrite au Barreau de Marseille, sise 12 rue Edmond Rostand 13006 Marseille<br><strong>Num\u00e9ro de t\u00e9l\u00e9phone<\/strong>\u00a0: +33 6 24 49 51 12<br><strong>Adresse de courrier \u00e9lectronique<\/strong>\u00a0: <a href=\"mailto:contact@sophiemonavocate.com\">contact@sophiemonavocate.com<\/a><br><strong>Directeur de la publication<\/strong>\u00a0: Me Sophie SAVA\u00cfDES<br><strong>Conception et r\u00e9alisation<\/strong> : ALL YOU NEED IS COM et H\u00e9l\u00e8ne CORNEBOIS<br><strong>H\u00e9bergeur\u00a0<\/strong>: Gandi<br><strong>Utilisateur\u00a0: <\/strong>toute personne qui navigue sur le Site <a href=\"http:\/\/www.sophiemonavocate.com\">www.sophiemonavocate.com<\/a><\/p>\n\n\n\n<p><strong>Article 2 \u2013 Pr\u00e9sentation de SophieMonAvocate.com<\/strong><\/p>\n\n\n\n<p>SophieMonAvocate.com est un Site qui propose l\u2019Achat et le t\u00e9l\u00e9chargement de documents juridiques g\u00e9n\u00e9riques \u00e0 personnaliser et de prestations de services associ\u00e9es.<\/p>\n\n\n\n<p>SophieMonAvocate.com est \u00e0 destination d\u2019entrepreneurs ou d\u2019entreprises souhaitant disposer de mod\u00e8les de documents \u00e0 compl\u00e9ter pour la mise en place de leur activit\u00e9 en ligne<\/p>\n\n\n\n<p>En cas de doute sur la pertinence des documents, ils sont invit\u00e9s \u00e0 consulter leur avocat ou \u00e0 souscrire aux prestations associ\u00e9es.<\/p>\n\n\n\n<p>SophieMonAvocate.com s\u2019engage \u00e0 faire tout son possible pour actualiser r\u00e9guli\u00e8rement les contenus mis \u00e0 disposition et les documents mais attire l\u2019attention du client sur le fait qu\u2019il s\u2019agit soit d\u2019informations \u00e0 caract\u00e8re g\u00e9n\u00e9ral, soit de mod\u00e8les de documents g\u00e9n\u00e9riques dont l\u2019ad\u00e9quation avec les besoins et la situation du client n\u2019est en aucun cas garantie.<\/p>\n\n\n\n<p>En cas de doute, il est recommand\u00e9 de consulter votre avocat.<\/p>\n\n\n\n<p><strong>Article 3 &#8211; Acc\u00e8s \u00e0 SophieMonAvocate.com<\/strong><\/p>\n\n\n\n<p>L\u2019acc\u00e8s \u00e0 SophieMonAvocate.com n\u00e9cessite un terminal smartphone ainsi qu\u2019une connexion Internet.<\/p>\n\n\n\n<p>L\u2019Utilisateur s\u2019engage \u00e0 ne pas utiliser les informations ou donn\u00e9es qui y figurent \u00e0 des fins commerciales, politiques, publicitaires et pour toute forme de sollicitation commerciale et notamment l&rsquo;envoi de courriers \u00e9lectroniques non sollicit\u00e9s ou pour une activit\u00e9 illicite ou contraire aux bonnes m\u0153urs.<\/p>\n\n\n\n<p>Tous les co\u00fbts aff\u00e9rents \u00e0 l\u2019acc\u00e8s au Site, que ce soient les frais mat\u00e9riels, logiciels ou d\u2019acc\u00e8s internet sont exclusivement \u00e0 la charge de l\u2019Utilisateur ou de son responsable l\u00e9gal. L\u2019Utilisateur est seul responsable du bon fonctionnement de son \u00e9quipement ainsi que de son acc\u00e8s \u00e0 Internet.<\/p>\n\n\n\n<p><strong>Article 4 &#8211; Contenu de SophieMonAvocate.com<\/strong><\/p>\n\n\n\n<p>A l\u2019exception des contenus partag\u00e9s par les Utilisateurs, toutes les marques, photographies, textes, commentaires, illustrations, images anim\u00e9es ou non, s\u00e9quences vid\u00e9o, sons, ainsi que toutes les applications informatiques qui pourraient \u00eatre utilis\u00e9es pour faire fonctionner le Site et plus g\u00e9n\u00e9ralement tous les \u00e9l\u00e9ments reproduits ou utilis\u00e9s sur ce Site sont prot\u00e9g\u00e9s par les lois en vigueur au titre de la propri\u00e9t\u00e9 intellectuelle.<\/p>\n\n\n\n<p>Ils sont la propri\u00e9t\u00e9 pleine et enti\u00e8re de SophieMonAvocate.com ou de ses partenaires. Toute reproduction, repr\u00e9sentation, utilisation ou adaptation, sous quelque forme que ce soit, de tout ou partie de ces \u00e9l\u00e9ments, y compris les applications informatiques, sans l&rsquo;accord pr\u00e9alable et \u00e9crit de SophieMonAvocate.com, sont strictement interdites. Le fait pour SophieMonAvocate.com de ne pas engager de proc\u00e9dure d\u00e8s la prise de connaissance de ces utilisations non autoris\u00e9es ne vaut pas acceptation desdites utilisations et renonciation aux poursuites.<\/p>\n\n\n\n<p>L\u2019ensemble des \u00e9l\u00e9ments pr\u00e9sent\u00e9s sur le Site sont donn\u00e9s \u00e0 titre indicatif et non contractuel.<\/p>\n\n\n\n<p><strong>Article 5 &#8211; Gestion de SophieMonAvocate.com<\/strong><\/p>\n\n\n\n<p>Pour la bonne gestion du Site, SophieMonAvocate.com pourra \u00e0 tout moment&nbsp;:<\/p>\n\n\n\n<ul class=\"wp-block-list\"><li>suspendre, interrompre ou de limiter l&rsquo;acc\u00e8s \u00e0 tout ou partie de du Site, r\u00e9server l&rsquo;acc\u00e8s au Site, ou \u00e0 certaines parties du Site, \u00e0 une cat\u00e9gorie d\u00e9termin\u00e9e d\u2019Utilisateurs&nbsp;;<\/li><li>supprimer toute information pouvant en perturber le fonctionnement ou entrant en contravention avec les lois nationales ou internationales, ou avec les r\u00e8gles d\u2019\u00e9thique \u00e0 savoir prudence, respect, clart\u00e9, concision et courtoisie&nbsp;;<\/li><li>suspendre le Site afin de proc\u00e9der \u00e0 des mises \u00e0 jour&nbsp;;<\/li><li>modifier le contenu de du Site&nbsp;;<\/li><\/ul>\n\n\n\n<p><strong>Article 6 \u2013 Responsabilit\u00e9s<\/strong><\/p>\n\n\n\n<p><strong>6.1. Responsabilit\u00e9 de SophieMonAvocate.com<\/strong><\/p>\n\n\n\n<p>La responsabilit\u00e9 de SophieMonAvocate.com ne peut \u00eatre engag\u00e9e en cas de d\u00e9faillance, panne, difficult\u00e9 ou interruption de fonctionnement, emp\u00eachant l&rsquo;acc\u00e8s au Site ou \u00e0 une de ses fonctionnalit\u00e9s. Le Site peut comporter des bugs et erreurs et est fourni \u00ab&nbsp;en l\u2019\u00e9tat&nbsp;\u00bb. L\u2019Utilisation de du Site se fait aux risques et p\u00e9rils de l\u2019Utilisateur.<\/p>\n\n\n\n<p>Le mat\u00e9riel de connexion au Site utilis\u00e9 par l\u2019Utilisateur est sous son enti\u00e8re responsabilit\u00e9. L\u2019Utilisateur doit prendre toutes les mesures appropri\u00e9es pour prot\u00e9ger son mat\u00e9riel et ses propres donn\u00e9es notamment d&rsquo;attaques virales par Internet. L\u2019Utilisateur est par ailleurs le seul responsable des donn\u00e9es qu\u2019il consulte et qu\u2019il utilise ensuite.<\/p>\n\n\n\n<p>SophieMonAvocate.com ne pourra \u00eatre tenu responsable en cas de poursuites judiciaires \u00e0 l\u2019encontre de l\u2019Utilisateur&nbsp;:<\/p>\n\n\n\n<ul class=\"wp-block-list\"><li>du fait de l&rsquo;usage du Site et des informations et contenus qu\u2019il contient ;<\/li><li>du fait du non-respect par l\u2019Utilisateur des pr\u00e9sentes Conditions G\u00e9n\u00e9rales d\u2019Utilisation ou, sans que cette liste ne soit exhaustive, de tout autre document applicable aux pr\u00e9sentes&nbsp;;<\/li><li>plus g\u00e9n\u00e9ralement du non-respect par l\u2019Utilisateur des obligations l\u00e9gales et r\u00e8glementaires en vigueur.<\/li><\/ul>\n\n\n\n<p>SophieMonAvocate.com n&rsquo;est pas responsable des dommages caus\u00e9s \u00e0 l\u2019Utilisateur, \u00e0 des tiers et\/ou \u00e0 son \u00e9quipement du fait de sa connexion ou de son utilisation du Site et l\u2019Utilisateur renonce \u00e0 toute action contre lui de ce fait.<\/p>\n\n\n\n<p>Si SophieMonAvocate.com venait \u00e0 faire l&rsquo;objet d&rsquo;une proc\u00e9dure amiable ou judiciaire \u00e0 raison de l\u2019utilisation du Site par l\u2019Utilisateur, il pourra se retourner contre lui ou ses repr\u00e9sentants l\u00e9gaux pour obtenir indemnisation de tous les pr\u00e9judices, sommes, condamnations et frais qui pourraient d\u00e9couler de cette proc\u00e9dure.<\/p>\n\n\n\n<p><strong>6.2. Responsabilit\u00e9 de l\u2019Utilisateur<\/strong><\/p>\n\n\n\n<p>L\u2019Utilisateur est responsable de l\u2019utilisation qu\u2019il fait des documents et informations mis \u00e0 sa disposition par l\u2019interm\u00e9diaire du Site.<\/p>\n\n\n\n<p><strong>DANS LA MESURE OU LES DOCUMENTS ET INFORMATIONS MIS EN LIGNE SONT GENERIQUES ET NE SONT PAS PERSONNALISES, LA RESPONSABILITE DE L\u2019AVOCAT N\u2019EST PAS ENGAGEE.<\/strong><\/p>\n\n\n\n<p><a><\/a> <strong>Il APPARTIENT A L\u2019UTILISATEUR DE VERIFIER QUE LES DOCUMENTS ET INFORMATIONS SONT EN ADEQUATIONS AVEC SES BESOINS ET SON ACTIVITE.<\/strong><\/p>\n\n\n\n<p><strong>L\u2019UTILISATEUR RECONNAIT QU\u2019IL CREE LUI-M\u00caME SES DOCUMENTS A PARTIR DES MODELES ACHETES SUR LE SITE SANS L\u2019ASSISTANCE DE L\u2019AVOCAT.<\/strong><\/p>\n\n\n\n<p><strong>Article 7 &#8211; Collecte de donn\u00e9es<\/strong><\/p>\n\n\n\n<p>L\u2019Utilisateur est inform\u00e9 de ce que SophieMonAvocate.com met en \u0153uvre des traitements L\u2019Utilisateur est inform\u00e9 de ce que SophieMonAvocate.com met en \u0153uvre des traitements de donn\u00e9es \u00e0 caract\u00e8re personnel afin de lui permettre d\u2019assurer la gestion, la facturation, le suivi des Achats de ses Clients ainsi que la prospection commerciale.<\/p>\n\n\n\n<p>Les donn\u00e9es \u00e0 caract\u00e8re personnel ainsi trait\u00e9es sont enregistr\u00e9es dans le fichier de clients de SophieMonAvocate.com, et le fichier ainsi \u00e9labor\u00e9 figure au registre des traitements du Cabinet de Me Sophie SAVA\u00cfDES.<\/p>\n\n\n\n<p>SophieMonAvocate.com fait ses meilleurs efforts pour mettre en \u0153uvre les ressources humaines, techniques, juridiques et organisationnelles suffisantes pour op\u00e9rer les traitements en conformit\u00e9 avec la r\u00e9glementation en mati\u00e8re de donn\u00e9es personnelles. Elle s\u2019engage \u00e0 alerter l\u2019Utilisateur en cas de violation de ses droits ou de failles de s\u00e9curit\u00e9 ayant une incidence majeure sur ses donn\u00e9es dans les meilleurs d\u00e9lais.<\/p>\n\n\n\n<p>Conform\u00e9ment aux dispositions de la loi n\u00b0\u00a078-17 du 6 janvier 1978 modifi\u00e9e, relative \u00e0 l&rsquo;informatique, aux fichiers et aux libert\u00e9s et au RGPD, l\u2019Utilisateur dispose d&rsquo;un droit d&rsquo;acc\u00e8s, d&rsquo;interrogation, de modification, de portabilit\u00e9 et de suppression des informations qui le concerne, \u00e0 exercer \u00e0 tout moment aupr\u00e8s de SophieMonAvocate.com par courrier postal \u00e0 l&rsquo;adresse suivante SophieMonAvocate.com 12, rue Edmond Rostand 13006 Marseille, par mail \u00e0 l\u2019adresse <a href=\"mailto:contact@sophiemonavocate.com\">contact@sophiemonavocate.com<\/a>.<\/p>\n\n\n\n<p>Pour des raisons de s\u00e9curit\u00e9 et afin d\u2019\u00e9viter toute demande frauduleuse, cette demande devra \u00eatre accompagn\u00e9e d&rsquo;un justificatif d&rsquo;identit\u00e9. Apr\u00e8s traitement de la demande, ce justificatif sera d\u00e9truit.<\/p>\n\n\n\n<p>L\u2019Utilisateur reconna\u00eet et accepte que ses donn\u00e9es personnelles sont communiqu\u00e9es \u00e0 des tiers li\u00e9s SophieMonAvocate.com par contrat pour l&rsquo;ex\u00e9cution de t\u00e2ches sous-trait\u00e9es n\u00e9cessaires \u00e0 la gestion des Achats et sans que le Client n\u2019ait \u00e0 donner son autorisation.<\/p>\n\n\n\n<p>En cas d&rsquo;infraction av\u00e9r\u00e9e \u00e0 des dispositions l\u00e9gales ou r\u00e9glementaires, ces informations pourront faire l&rsquo;objet d&rsquo;une communication sur demande expresse et motiv\u00e9e des autorit\u00e9s judiciaires.<\/p>\n\n\n\n<p>Les personnes concern\u00e9es disposent du droit d\u2019introduire une r\u00e9clamation aupr\u00e8s de la Cnil.<\/p>\n\n\n\n<p><strong>Article 8\u2013 Propri\u00e9t\u00e9 intellectuelle<\/strong><\/p>\n\n\n\n<p>Le contenu du Site \u00e0 savoir, sans que cette liste ne soit exhaustive&nbsp;: la structure, la mise en page, la charte graphique, les textes, la base de donn\u00e9es, les images, les photographies, les sons, les vid\u00e9os ou tout autre \u00e9l\u00e9ment composant le Site sont et restent la propri\u00e9t\u00e9 de SophieMonAvocate.com par le droit de la propri\u00e9t\u00e9 intellectuelle. Les marques SophieMonAvocate.com, les noms commerciaux et les logos figurant sur ce Site sont des marques d\u00e9pos\u00e9es sauf mention contraire.<\/p>\n\n\n\n<p>Le Client s\u2019engage \u00e0 ne faire aucun usage de ce contenu sauf autorisation pr\u00e9alable et expresse de SophieMonAvocate.com ; toute reproduction totale ou partielle de ce contenu est strictement interdite et est susceptible de constituer un d\u00e9lit de contrefa\u00e7on. Le cas \u00e9ch\u00e9ant, la responsabilit\u00e9 de l\u2019auteur du d\u00e9lit sera engag\u00e9e sans pr\u00e9judice de tout dommages et int\u00e9r\u00eats qui pourront \u00eatre demand\u00e9s en sus.<\/p>\n\n\n\n<p><strong>Article 9 &#8211; Droit applicable<\/strong><\/p>\n\n\n\n<p>Les dispositions du pr\u00e9sent Contrat seront r\u00e9gies par la loi fran\u00e7aise.<\/p>\n\n\n\n<p><strong>Article 10 \u2013 Litiges<\/strong><\/p>\n\n\n\n<p>En cas de difficult\u00e9 susceptible de s\u2019\u00e9lever entre les Parties \u00e0 l\u2019occasion de l\u2019interpr\u00e9tation ou de l&rsquo;ex\u00e9cution des pr\u00e9sentes, ou cons\u00e9cutivement \u00e0 l\u2019ach\u00e8vement de celui-ci, les Parties s\u2019engagent \u00e0 r\u00e9gler pr\u00e9alablement leur diff\u00e9rend par une tentative de r\u00e8glement amiable avec SophieMonAvocate.com. Si le Client est un consommateur, \u00e0 d\u00e9faut de parvenir \u00e0 un accord par une tentative de r\u00e8glement amiable obligatoire dans les conditions des articles L.612-1 et suivants et L.152-2 du Code de la consommation et notamment en consultant le site <a href=\"https:\/\/www.economie.gouv.fr\/mediation-conso\">https:\/\/www.economie.gouv.fr\/mediation-conso<\/a>.<\/p>\n\n\n\n<p>A d\u00e9faut d\u2019accord amiable, toute difficult\u00e9 susceptible de s\u2019\u00e9lever entre les Parties, sera soumise au Tribunaux comp\u00e9tents situ\u00e9s dans le ressort de la Cour d\u2019appel d\u2019AIX-EN-PROVENCE.<\/p>\n\n\n\n<p><strong>Contactez-nous<br><\/strong>Pour toute question, information ou r\u00e9clamation vous pouvez laisser un message \u00e0 l&rsquo;adresse suivante&nbsp;: s.savaides@savaides-avocat.com.<\/p>\n\n\n\n<div style=\"height:60px\" aria-hidden=\"true\" class=\"wp-block-spacer\"><\/div>\n<\/div><\/div>\n","protected":false},"excerpt":{"rendered":"<p>\u00c9diteur du Site (ci-apr\u00e8s \u00ab\u00a0SophieMonAvocate.com\u00a0\u00bb)\u00a0: Me Sophie SAVA\u00cfDES, avocat, inscrite au Barreau de Marseille, sise 12 rue Edmond Rostand 13006 MarseilleNum\u00e9ro de t\u00e9l\u00e9phone\u00a0: +33 6 24 49 51 12Adresse de courrier \u00e9lectronique\u00a0: contact@sophiemonavocate.comDirecteur de la publication\u00a0: Me Sophie SAVA\u00cfDESConception et r\u00e9alisation : ALL YOU NEED IS COM et H\u00e9l\u00e8ne CORNEBOISH\u00e9bergeur\u00a0: GandiUtilisateur\u00a0: toute personne qui navigue [&hellip;]<\/p>\n","protected":false},"author":1,"featured_media":0,"parent":0,"menu_order":0,"comment_status":"closed","ping_status":"closed","template":"","meta":{"footnotes":""},"class_list":["post-460","page","type-page","status-publish","hentry"],"acf":[],"_links":{"self":[{"href":"https:\/\/ln-digital.fr\/SOPHIEMONAVOCATE\/wp-json\/wp\/v2\/pages\/460","targetHints":{"allow":["GET"]}}],"collection":[{"href":"https:\/\/ln-digital.fr\/SOPHIEMONAVOCATE\/wp-json\/wp\/v2\/pages"}],"about":[{"href":"https:\/\/ln-digital.fr\/SOPHIEMONAVOCATE\/wp-json\/wp\/v2\/types\/page"}],"author":[{"embeddable":true,"href":"https:\/\/ln-digital.fr\/SOPHIEMONAVOCATE\/wp-json\/wp\/v2\/users\/1"}],"replies":[{"embeddable":true,"href":"https:\/\/ln-digital.fr\/SOPHIEMONAVOCATE\/wp-json\/wp\/v2\/comments?post=460"}],"version-history":[{"count":11,"href":"https:\/\/ln-digital.fr\/SOPHIEMONAVOCATE\/wp-json\/wp\/v2\/pages\/460\/revisions"}],"predecessor-version":[{"id":747,"href":"https:\/\/ln-digital.fr\/SOPHIEMONAVOCATE\/wp-json\/wp\/v2\/pages\/460\/revisions\/747"}],"wp:attachment":[{"href":"https:\/\/ln-digital.fr\/SOPHIEMONAVOCATE\/wp-json\/wp\/v2\/media?parent=460"}],"curies":[{"name":"wp","href":"https:\/\/api.w.org\/{rel}","templated":true}]}}