{"id":466,"date":"2022-01-25T23:10:56","date_gmt":"2022-01-25T22:10:56","guid":{"rendered":"https:\/\/ln-digital.fr\/SOPHIEMONAVOCATE\/?page_id=466"},"modified":"2022-06-07T14:10:37","modified_gmt":"2022-06-07T12:10:37","slug":"faq","status":"publish","type":"page","link":"https:\/\/ln-digital.fr\/SOPHIEMONAVOCATE\/faq\/","title":{"rendered":"FAQ"},"content":{"rendered":"\n<div class=\"wp-block-columns content-large is-layout-flex wp-container-core-columns-is-layout-9d6595d7 wp-block-columns-is-layout-flex\">\n<div class=\"wp-block-column is-layout-flow wp-block-column-is-layout-flow\" style=\"flex-basis:100%\">\n<p>Sophiemonavocate.com&nbsp;met \u00e0 disposition des mod\u00e8les de documents pour vos sites internet et vos applications. Il s\u2019agit de CGV, CGU, mentions l\u00e9gales, politique de confidentialit\u00e9.&nbsp;<\/p>\n\n\n\n<p>A ces mod\u00e8les vous pouvez ajouter un accompagnement diff\u00e9rent selon vos besoins&nbsp;: soit vous t\u00e9l\u00e9charger uniquement le mod\u00e8le, soit vous souhaitez un entretien pr\u00e9alable avec un avocat, soit vous souhaitez en plus du document un entretien pr\u00e9alable avec un avocat et une relecture.<\/p>\n\n\n<div id=\"accordion-block_629f2fe18c1cf\" class=\"tabs_accordeon\">\n    <div class=\"tabs\">\n        <div class=\"tab\">\n            <input type=\"checkbox\" name=\"tab-block_629f2fe18c1cf\" value=\"tab-block_629f2fe18c1cf\" id=\"tab-block_629f2fe18c1cf\"\/>\n            <label for=\"tab-block_629f2fe18c1cf\">Qui sommes-nous\u00a0?<\/label>\n            <div class=\"tab-content\"><p>Forte d\u2019une exp\u00e9rience de 10 ans d\u2019accompagnement juridique d\u2019entrepreneurs dans la r\u00e9alisation et la concr\u00e9tisation de leurs projets, puis dans leur d\u00e9veloppement, SophieMonAvocate a souhait\u00e9 rendre accessibles des mod\u00e8les de documents qualitatifs \u00e0 destination d\u2019entrepreneurs et de porteurs de projets d\u2019une mani\u00e8re simplifi\u00e9e et \u00e0 des prix accessibles.<\/p>\n<\/div>\n        <\/div>\n    <\/div>\n<\/div>\n\n\n\n<div id=\"accordion-block_629f3643bc5c1\" class=\"tabs_accordeon\">\n    <div class=\"tabs\">\n        <div class=\"tab\">\n            <input type=\"checkbox\" name=\"tab-block_629f3643bc5c1\" value=\"tab-block_629f3643bc5c1\" id=\"tab-block_629f3643bc5c1\"\/>\n            <label for=\"tab-block_629f3643bc5c1\">Pourquoi faire appel \u00e0 SophieMonAvocate ?<\/label>\n            <div class=\"tab-content\"><p>Parce que SophieMonAvocate propose un accompagnement p\u00e9dagogique et \u00e0 la carte.<\/p>\n<p>L\u2019utilisateur choisit ce dont il a besoin\u00a0: uniquement des documents, des conseils, des informations et astuces, des formations, des vid\u00e9os ou des packs\u2026<\/p>\n<p>Et si vous souhaitez un accompagnement personnalis\u00e9 et sur mesure, un Cabinet d\u2019avocat est\u00a0 l\u00e0 pour vous.<\/p>\n<\/div>\n        <\/div>\n    <\/div>\n<\/div>\n\n\n\n<div id=\"accordion-block_629f3648bc5c2\" class=\"tabs_accordeon\">\n    <div class=\"tabs\">\n        <div class=\"tab\">\n            <input type=\"checkbox\" name=\"tab-block_629f3648bc5c2\" value=\"tab-block_629f3648bc5c2\" id=\"tab-block_629f3648bc5c2\"\/>\n            <label for=\"tab-block_629f3648bc5c2\">Qu\u2019est-ce que je trouve sur le site SophieMonAvocate ?<\/label>\n            <div class=\"tab-content\"><ul>\n<li><a href=\"https:\/\/ln-digital.fr\/SOPHIEMONAVOCATE\/services-avocat\/les-documents\/\">des mod\u00e8les \u00e0 t\u00e9l\u00e9charger avec leur notice<\/a><\/li>\n<li><a href=\"https:\/\/ln-digital.fr\/SOPHIEMONAVOCATE\/services-avocat\/les-offres\/\">des packs<\/a><\/li>\n<li><a href=\"https:\/\/ln-digital.fr\/SOPHIEMONAVOCATE\/laccompagnement\/\">des formules d\u2019accompagnement<\/a><\/li>\n<li><a href=\"https:\/\/ln-digital.fr\/SOPHIEMONAVOCATE\/blog\/\">des articles qui expliquent pourquoi tel ou tel document<\/a><\/li>\n<\/ul>\n<\/div>\n        <\/div>\n    <\/div>\n<\/div>\n\n\n\n<div id=\"accordion-block_629f364dbc5c3\" class=\"tabs_accordeon\">\n    <div class=\"tabs\">\n        <div class=\"tab\">\n            <input type=\"checkbox\" name=\"tab-block_629f364dbc5c3\" value=\"tab-block_629f364dbc5c3\" id=\"tab-block_629f364dbc5c3\"\/>\n            <label for=\"tab-block_629f364dbc5c3\">Qu\u2019est-ce qui est diff\u00e9rent chez SophieMonAvocate ?<\/label>\n            <div class=\"tab-content\"><p>SophieMonAvocate, c\u2019est un accompagnement agile qui vous permet de choisir ce dont vous avez besoin en fonction de vos besoins.<\/p>\n<p>Le grand plus, c\u2019est qu\u2019un Cabinet d\u2019avocat peut vous accompagner ensuite quotidiennement ou en support plus ponctuellement.<\/p>\n<p>On n\u2019est pas l\u00e0 pour du \u00ab\u00a0one shot\u00a0\u00bb. Vous pouvez compter sur nous \u00e0 long terme.<\/p>\n<\/div>\n        <\/div>\n    <\/div>\n<\/div>\n\n\n\n<div id=\"accordion-block_629f387cbc5c4\" class=\"tabs_accordeon\">\n    <div class=\"tabs\">\n        <div class=\"tab\">\n            <input type=\"checkbox\" name=\"tab-block_629f387cbc5c4\" value=\"tab-block_629f387cbc5c4\" id=\"tab-block_629f387cbc5c4\"\/>\n            <label for=\"tab-block_629f387cbc5c4\">Quel est le prix des prestations ?<\/label>\n            <div class=\"tab-content\"><p>Le prix d\u00e9pend des packages souscrits.<\/p>\n<p>Ils sont indiqu\u00e9s sur le site internet et rappel\u00e9s dans les mails de confirmation de paiement adress\u00e9s pour chaque souscription.<\/p>\n<\/div>\n        <\/div>\n    <\/div>\n<\/div>\n\n\n\n<div id=\"accordion-block_629f3880bc5c5\" class=\"tabs_accordeon\">\n    <div class=\"tabs\">\n        <div class=\"tab\">\n            <input type=\"checkbox\" name=\"tab-block_629f3880bc5c5\" value=\"tab-block_629f3880bc5c5\" id=\"tab-block_629f3880bc5c5\"\/>\n            <label for=\"tab-block_629f3880bc5c5\">Qu\u2019est-ce qui est diff\u00e9rent chez SophieMonAvocate ?<\/label>\n            <div class=\"tab-content\"><p>SophieMonAvocate, c\u2019est un accompagnement agile qui vous permet de choisir ce dont vous avez besoin en fonction de vos besoins.<\/p>\n<p>Le grand plus, c\u2019est qu\u2019un Cabinet d\u2019avocat peut vous accompagner ensuite quotidiennement ou en support plus ponctuellement.<\/p>\n<p>On n\u2019est pas l\u00e0 pour du \u00ab\u00a0one shot\u00a0\u00bb. Vous pouvez compter sur nous \u00e0 long terme.<\/p>\n<\/div>\n        <\/div>\n    <\/div>\n<\/div>\n\n\n\n<div id=\"accordion-block_629f38a0bc5c6\" class=\"tabs_accordeon\">\n    <div class=\"tabs\">\n        <div class=\"tab\">\n            <input type=\"checkbox\" name=\"tab-block_629f38a0bc5c6\" value=\"tab-block_629f38a0bc5c6\" id=\"tab-block_629f38a0bc5c6\"\/>\n            <label for=\"tab-block_629f38a0bc5c6\">Comment r\u00e9gler les prestations ?<\/label>\n            <div class=\"tab-content\"><p>Directement en ligne sur le site<\/p>\n<\/div>\n        <\/div>\n    <\/div>\n<\/div>\n\n\n\n<div id=\"accordion-block_629f38a3bc5c7\" class=\"tabs_accordeon\">\n    <div class=\"tabs\">\n        <div class=\"tab\">\n            <input type=\"checkbox\" name=\"tab-block_629f38a3bc5c7\" value=\"tab-block_629f38a3bc5c7\" id=\"tab-block_629f38a3bc5c7\"\/>\n            <label for=\"tab-block_629f38a3bc5c7\">Puis-je obtenir une facture ?<\/label>\n            <div class=\"tab-content\"><p>Les factures sont t\u00e9l\u00e9chargeables <a href=\"https:\/\/ln-digital.fr\/SOPHIEMONAVOCATE\/mon-compte\/orders\/\">ici<\/a><\/p>\n<\/div>\n        <\/div>\n    <\/div>\n<\/div>\n\n\n\n<div id=\"accordion-block_629f38a6bc5c8\" class=\"tabs_accordeon\">\n    <div class=\"tabs\">\n        <div class=\"tab\">\n            <input type=\"checkbox\" name=\"tab-block_629f38a6bc5c8\" value=\"tab-block_629f38a6bc5c8\" id=\"tab-block_629f38a6bc5c8\"\/>\n            <label for=\"tab-block_629f38a6bc5c8\">Comment contacter SophieMonAvocate ?<\/label>\n            <div class=\"tab-content\"><p>Par <a href=\"mailto:contact@sophiemonavocate.com\">mail<\/a><\/p>\n<p>Par le <a href=\"https:\/\/ln-digital.fr\/SOPHIEMONAVOCATE\/contact\/\">formulaire de contact<\/a><\/p>\n<\/div>\n        <\/div>\n    <\/div>\n<\/div>\n\n\n\n<div id=\"accordion-block_629f38aabc5c9\" class=\"tabs_accordeon\">\n    <div class=\"tabs\">\n        <div class=\"tab\">\n            <input type=\"checkbox\" name=\"tab-block_629f38aabc5c9\" value=\"tab-block_629f38aabc5c9\" id=\"tab-block_629f38aabc5c9\"\/>\n            <label for=\"tab-block_629f38aabc5c9\">Pourquoi faire confiance \u00e0 SophieMonAvocate ?<\/label>\n            <div class=\"tab-content\"><p>Parce que ce site est la continuit\u00e9 et le fruit de 10 ans d\u2019exp\u00e9rience et d\u2019accompagnement juridique d\u2019entrepreneurs ou de porteurs de projets qui les ont concr\u00e9tis\u00e9s.<\/p>\n<p>Parce que les mod\u00e8les de documents propos\u00e9s sont r\u00e9dig\u00e9s par des avocats et qu\u2019en cas de besoin vous pouvez contacter un Cabinet d\u2019avocat en support.<\/p>\n<p>Parce que d\u2019autres clients avant vous, nous recommandent&nbsp;!&nbsp;<\/p>\n<\/div>\n        <\/div>\n    <\/div>\n<\/div>\n\n\n\n<div id=\"accordion-block_629f38b2bc5ca\" class=\"tabs_accordeon\">\n    <div class=\"tabs\">\n        <div class=\"tab\">\n            <input type=\"checkbox\" name=\"tab-block_629f38b2bc5ca\" value=\"tab-block_629f38b2bc5ca\" id=\"tab-block_629f38b2bc5ca\"\/>\n            <label for=\"tab-block_629f38b2bc5ca\">Quelles sont les conditions g\u00e9n\u00e9rales applicables<\/label>\n            <div class=\"tab-content\"><p>Retrouver toutes les informations juridiques du site internet <a href=\"https:\/\/ln-digital.fr\/SOPHIEMONAVOCATE\/conditions-generales-dutilisation\/\">ici<\/a>.<\/p>\n<\/div>\n        <\/div>\n    <\/div>\n<\/div>\n\n<\/div>\n<\/div>\n\n\n\n<div class=\"wp-block-columns content-large is-layout-flex wp-container-core-columns-is-layout-9d6595d7 wp-block-columns-is-layout-flex\">\n<div class=\"wp-block-column is-layout-flow wp-block-column-is-layout-flow\">\n<div style=\"height:60px\" aria-hidden=\"true\" class=\"wp-block-spacer\"><\/div>\n<\/div>\n<\/div>\n","protected":false},"excerpt":{"rendered":"<p>Sophiemonavocate.com&nbsp;met \u00e0 disposition des mod\u00e8les de documents pour vos sites internet et vos applications. Il s\u2019agit de CGV, CGU, mentions l\u00e9gales, politique de confidentialit\u00e9.&nbsp; A ces mod\u00e8les vous pouvez ajouter un accompagnement diff\u00e9rent selon vos besoins&nbsp;: soit vous t\u00e9l\u00e9charger uniquement le mod\u00e8le, soit vous souhaitez un entretien pr\u00e9alable avec un avocat, soit vous souhaitez en [&hellip;]<\/p>\n","protected":false},"author":1,"featured_media":0,"parent":0,"menu_order":0,"comment_status":"closed","ping_status":"closed","template":"","meta":{"footnotes":""},"class_list":["post-466","page","type-page","status-publish","hentry"],"acf":[],"_links":{"self":[{"href":"https:\/\/ln-digital.fr\/SOPHIEMONAVOCATE\/wp-json\/wp\/v2\/pages\/466","targetHints":{"allow":["GET"]}}],"collection":[{"href":"https:\/\/ln-digital.fr\/SOPHIEMONAVOCATE\/wp-json\/wp\/v2\/pages"}],"about":[{"href":"https:\/\/ln-digital.fr\/SOPHIEMONAVOCATE\/wp-json\/wp\/v2\/types\/page"}],"author":[{"embeddable":true,"href":"https:\/\/ln-digital.fr\/SOPHIEMONAVOCATE\/wp-json\/wp\/v2\/users\/1"}],"replies":[{"embeddable":true,"href":"https:\/\/ln-digital.fr\/SOPHIEMONAVOCATE\/wp-json\/wp\/v2\/comments?post=466"}],"version-history":[{"count":22,"href":"https:\/\/ln-digital.fr\/SOPHIEMONAVOCATE\/wp-json\/wp\/v2\/pages\/466\/revisions"}],"predecessor-version":[{"id":780,"href":"https:\/\/ln-digital.fr\/SOPHIEMONAVOCATE\/wp-json\/wp\/v2\/pages\/466\/revisions\/780"}],"wp:attachment":[{"href":"https:\/\/ln-digital.fr\/SOPHIEMONAVOCATE\/wp-json\/wp\/v2\/media?parent=466"}],"curies":[{"name":"wp","href":"https:\/\/api.w.org\/{rel}","templated":true}]}}