{"id":328,"date":"2021-12-06T15:51:53","date_gmt":"2021-12-06T14:51:53","guid":{"rendered":"https:\/\/ln-digital.fr\/SOPHIEMONAVOCATE\/?post_type=product&#038;p=328"},"modified":"2022-06-07T11:52:33","modified_gmt":"2022-06-07T09:52:33","slug":"les-conditions-generales-de-vente","status":"publish","type":"product","link":"https:\/\/ln-digital.fr\/SOPHIEMONAVOCATE\/services\/les-conditions-generales-de-vente\/","title":{"rendered":"Des conditions g\u00e9n\u00e9rales de vente"},"content":{"rendered":"","protected":false},"excerpt":{"rendered":"<p><strong>Pour qui ?<\/strong><br \/>\nPour celui qui a un site e-commerce avec vente en ligne, une application ou une activit\u00e9 de vente.<br \/>\nIl faudra compl\u00e9ter avec des <a href=\"https:\/\/ln-digital.fr\/SOPHIEMONAVOCATE\/produit\/les-conditions-generales-dutilisation\/\">conditions g\u00e9n\u00e9rales d\u2019utilisation<\/a> et <a href=\"https:\/\/ln-digital.fr\/SOPHIEMONAVOCATE\/produit\/les-mentions-legales\/\">des mentions l\u00e9gales<\/a>.<\/p>\n<p><b>Qu&rsquo;est ce que c&rsquo;est ? <\/b><br \/>\nUn document qui encadre les relations de vente avec soit le consommateur (client) B to C, soit le professionnel (client) B to B . <a href=\"#\">Comment distinguer si on est en B to B ou en B to C ?<\/a><\/p>\n<p><b>Pourquoi ? <\/b><br \/>\npour d\u00e9terminer les conditions \u00e0 laquelle la vente, l\u2019achat ou le service est soumis et les droits et obligations de chacun.<br \/>\n<i>Ex\u00a0: conditions de paiement, de livraison, d\u00e9lai de r\u00e9tractation le cas \u00e9ch\u00e9ant, retour\u2026<\/i><\/p>\n<blockquote><p>\u00ab 60% des entreprises attaqu\u00e9es pour non-respect des engagements dans les CGV ont copi\u00e9\/coll\u00e9 les CGV d\u2019un site concurrent sans tenir compte de leurs propres contraintes.\u00bb<\/p><\/blockquote>\n<p>&nbsp;<\/p>\n","protected":false},"featured_media":703,"comment_status":"open","ping_status":"closed","template":"","meta":[],"product_cat":[16],"product_tag":[],"class_list":["post-328","product","type-product","status-publish","has-post-thumbnail","hentry","product_cat-les-documents"],"acf":[],"_links":{"self":[{"href":"https:\/\/ln-digital.fr\/SOPHIEMONAVOCATE\/wp-json\/wp\/v2\/product\/328","targetHints":{"allow":["GET"]}}],"collection":[{"href":"https:\/\/ln-digital.fr\/SOPHIEMONAVOCATE\/wp-json\/wp\/v2\/product"}],"about":[{"href":"https:\/\/ln-digital.fr\/SOPHIEMONAVOCATE\/wp-json\/wp\/v2\/types\/product"}],"replies":[{"embeddable":true,"href":"https:\/\/ln-digital.fr\/SOPHIEMONAVOCATE\/wp-json\/wp\/v2\/comments?post=328"}],"wp:featuredmedia":[{"embeddable":true,"href":"https:\/\/ln-digital.fr\/SOPHIEMONAVOCATE\/wp-json\/wp\/v2\/media\/703"}],"wp:attachment":[{"href":"https:\/\/ln-digital.fr\/SOPHIEMONAVOCATE\/wp-json\/wp\/v2\/media?parent=328"}],"wp:term":[{"taxonomy":"product_cat","embeddable":true,"href":"https:\/\/ln-digital.fr\/SOPHIEMONAVOCATE\/wp-json\/wp\/v2\/product_cat?post=328"},{"taxonomy":"product_tag","embeddable":true,"href":"https:\/\/ln-digital.fr\/SOPHIEMONAVOCATE\/wp-json\/wp\/v2\/product_tag?post=328"}],"curies":[{"name":"wp","href":"https:\/\/api.w.org\/{rel}","templated":true}]}}