{"id":331,"date":"2021-12-06T16:14:19","date_gmt":"2021-12-06T15:14:19","guid":{"rendered":"https:\/\/ln-digital.fr\/SOPHIEMONAVOCATE\/?post_type=product&#038;p=331"},"modified":"2022-06-03T16:05:52","modified_gmt":"2022-06-03T14:05:52","slug":"le-pack-relecture-de-contrat","status":"publish","type":"product","link":"https:\/\/ln-digital.fr\/SOPHIEMONAVOCATE\/services\/le-pack-relecture-de-contrat\/","title":{"rendered":"Un pack relecture de contrat"},"content":{"rendered":"","protected":false},"excerpt":{"rendered":"<p><strong>Pour qui ?<\/strong><br \/>\nPour toute personne qui a \u00e9tabli des CGV, CGU, mentions l\u00e9gales ou encore une politique de confidentialit\u00e9 et qui souhaiterait une relecture et une r\u00e9vision de son contrat selon les formules propos\u00e9es.<\/p>\n<p><b>Qu&rsquo;est ce que c&rsquo;est ?<\/b><br \/>\nUne relecture compl\u00e8te de votre contrat avec analyse des clauses et si besoin proposition de modification et d\u2019adaptation de votre contrat.<\/p>\n<p><b>Pourquoi ? <\/b><br \/>\nPour vous assurer que les clauses que vous avez ou allez signer sont licites et ne conduisent pas \u00e0 vous mettre en d\u00e9s\u00e9quilibre face \u00e0 votre cocontractant.<\/p>\n<blockquote><p>\u00ab Il est indispensable que votre contrat soit bien r\u00e9dig\u00e9 pour \u00e9viter des difficult\u00e9s ult\u00e9rieures li\u00e9es \u00e0 des clauses nulles, incompr\u00e9hensibles voire d\u00e9favorables.\u00bb<\/p><\/blockquote>\n<p>&nbsp;<\/p>\n","protected":false},"featured_media":731,"comment_status":"open","ping_status":"closed","template":"","meta":[],"product_cat":[19],"product_tag":[],"class_list":["post-331","product","type-product","status-publish","has-post-thumbnail","hentry","product_cat-les-offres"],"acf":[],"_links":{"self":[{"href":"https:\/\/ln-digital.fr\/SOPHIEMONAVOCATE\/wp-json\/wp\/v2\/product\/331","targetHints":{"allow":["GET"]}}],"collection":[{"href":"https:\/\/ln-digital.fr\/SOPHIEMONAVOCATE\/wp-json\/wp\/v2\/product"}],"about":[{"href":"https:\/\/ln-digital.fr\/SOPHIEMONAVOCATE\/wp-json\/wp\/v2\/types\/product"}],"replies":[{"embeddable":true,"href":"https:\/\/ln-digital.fr\/SOPHIEMONAVOCATE\/wp-json\/wp\/v2\/comments?post=331"}],"wp:featuredmedia":[{"embeddable":true,"href":"https:\/\/ln-digital.fr\/SOPHIEMONAVOCATE\/wp-json\/wp\/v2\/media\/731"}],"wp:attachment":[{"href":"https:\/\/ln-digital.fr\/SOPHIEMONAVOCATE\/wp-json\/wp\/v2\/media?parent=331"}],"wp:term":[{"taxonomy":"product_cat","embeddable":true,"href":"https:\/\/ln-digital.fr\/SOPHIEMONAVOCATE\/wp-json\/wp\/v2\/product_cat?post=331"},{"taxonomy":"product_tag","embeddable":true,"href":"https:\/\/ln-digital.fr\/SOPHIEMONAVOCATE\/wp-json\/wp\/v2\/product_tag?post=331"}],"curies":[{"name":"wp","href":"https:\/\/api.w.org\/{rel}","templated":true}]}}