{"id":335,"date":"2021-12-06T16:14:21","date_gmt":"2021-12-06T15:14:21","guid":{"rendered":"https:\/\/ln-digital.fr\/SOPHIEMONAVOCATE\/?post_type=product&#038;p=335"},"modified":"2022-06-07T11:48:58","modified_gmt":"2022-06-07T09:48:58","slug":"le-pack-site-internet","status":"publish","type":"product","link":"https:\/\/ln-digital.fr\/SOPHIEMONAVOCATE\/services\/le-pack-site-internet\/","title":{"rendered":"Un pack site internet <br><i>(CGV, CGU, mentions l\u00e9gales, politique de confidentialit\u00e9)<\/i>"},"content":{"rendered":"","protected":false},"excerpt":{"rendered":"<p><strong>Pour qui ?<\/strong><br \/>\nPour celui qui a un site e-commerce ou un site internet non marchand.<\/p>\n<p><b>Qu&rsquo;est ce que c&rsquo;est ?<\/b><br \/>\nL\u2019ensemble des documents indispensables \u00e0 avoir sur un site internet : des CGV, des CGU, des mentions l\u00e9gales et une politique de confidentialit\u00e9.<\/p>\n<p><b>Pourquoi ? <\/b><br \/>\nPour vous permettre de disposer de tous les documents juridiques en une fois pour encadrer votre site internet sans avoir \u00e0 r\u00e9effectuer des d\u00e9marches suppl\u00e9mentaires pour chaque document. Parce que l\u2019activit\u00e9 d\u2019un site internet doit \u00eatre encadr\u00e9e et les r\u00e8gles sont sp\u00e9cifiques pour les ventes en ligne et \u00e0 distance.<\/p>\n","protected":false},"featured_media":730,"comment_status":"open","ping_status":"closed","template":"","meta":[],"product_cat":[19],"product_tag":[],"class_list":["post-335","product","type-product","status-publish","has-post-thumbnail","hentry","product_cat-les-offres"],"acf":[],"_links":{"self":[{"href":"https:\/\/ln-digital.fr\/SOPHIEMONAVOCATE\/wp-json\/wp\/v2\/product\/335","targetHints":{"allow":["GET"]}}],"collection":[{"href":"https:\/\/ln-digital.fr\/SOPHIEMONAVOCATE\/wp-json\/wp\/v2\/product"}],"about":[{"href":"https:\/\/ln-digital.fr\/SOPHIEMONAVOCATE\/wp-json\/wp\/v2\/types\/product"}],"replies":[{"embeddable":true,"href":"https:\/\/ln-digital.fr\/SOPHIEMONAVOCATE\/wp-json\/wp\/v2\/comments?post=335"}],"wp:featuredmedia":[{"embeddable":true,"href":"https:\/\/ln-digital.fr\/SOPHIEMONAVOCATE\/wp-json\/wp\/v2\/media\/730"}],"wp:attachment":[{"href":"https:\/\/ln-digital.fr\/SOPHIEMONAVOCATE\/wp-json\/wp\/v2\/media?parent=335"}],"wp:term":[{"taxonomy":"product_cat","embeddable":true,"href":"https:\/\/ln-digital.fr\/SOPHIEMONAVOCATE\/wp-json\/wp\/v2\/product_cat?post=335"},{"taxonomy":"product_tag","embeddable":true,"href":"https:\/\/ln-digital.fr\/SOPHIEMONAVOCATE\/wp-json\/wp\/v2\/product_tag?post=335"}],"curies":[{"name":"wp","href":"https:\/\/api.w.org\/{rel}","templated":true}]}}