{"id":511,"date":"2022-02-23T13:49:10","date_gmt":"2022-02-23T12:49:10","guid":{"rendered":"https:\/\/ln-digital.fr\/SOPHIEMONAVOCATE\/?post_type=product&#038;p=511"},"modified":"2022-06-07T11:47:04","modified_gmt":"2022-06-07T09:47:04","slug":"un-pack-cgu-mentions-legales","status":"publish","type":"product","link":"https:\/\/ln-digital.fr\/SOPHIEMONAVOCATE\/services\/un-pack-cgu-mentions-legales\/","title":{"rendered":"Un pack CGU &#038; Mentions l\u00e9gales"},"content":{"rendered":"","protected":false},"excerpt":{"rendered":"<p><strong>Pour qui ?<\/strong><br \/>\nPour celui qui a un site e-commerce ou un site internet non marchand.<\/p>\n<p><b>Qu&rsquo;est ce que c&rsquo;est ?<\/b><br \/>\nDeux documents indispensables \u00e0 avoir sur un site internet.<\/p>\n<p><b>Pourquoi ? <\/b><br \/>\nPour vous permettre de disposer de tous les documents juridiques en une fois pour encadrer votre site internet sans avoir \u00e0 r\u00e9effectuer des d\u00e9marches suppl\u00e9mentaires pour chaque document. Parce que l\u2019activit\u00e9 d\u2019un site internet doit \u00eatre encadr\u00e9e et les r\u00e8gles sont sp\u00e9cifiques pour les ventes en ligne et \u00e0 distance.<\/p>\n","protected":false},"featured_media":732,"comment_status":"open","ping_status":"closed","template":"","meta":[],"product_cat":[19],"product_tag":[],"class_list":["post-511","product","type-product","status-publish","has-post-thumbnail","hentry","product_cat-les-offres"],"acf":[],"_links":{"self":[{"href":"https:\/\/ln-digital.fr\/SOPHIEMONAVOCATE\/wp-json\/wp\/v2\/product\/511","targetHints":{"allow":["GET"]}}],"collection":[{"href":"https:\/\/ln-digital.fr\/SOPHIEMONAVOCATE\/wp-json\/wp\/v2\/product"}],"about":[{"href":"https:\/\/ln-digital.fr\/SOPHIEMONAVOCATE\/wp-json\/wp\/v2\/types\/product"}],"replies":[{"embeddable":true,"href":"https:\/\/ln-digital.fr\/SOPHIEMONAVOCATE\/wp-json\/wp\/v2\/comments?post=511"}],"wp:featuredmedia":[{"embeddable":true,"href":"https:\/\/ln-digital.fr\/SOPHIEMONAVOCATE\/wp-json\/wp\/v2\/media\/732"}],"wp:attachment":[{"href":"https:\/\/ln-digital.fr\/SOPHIEMONAVOCATE\/wp-json\/wp\/v2\/media?parent=511"}],"wp:term":[{"taxonomy":"product_cat","embeddable":true,"href":"https:\/\/ln-digital.fr\/SOPHIEMONAVOCATE\/wp-json\/wp\/v2\/product_cat?post=511"},{"taxonomy":"product_tag","embeddable":true,"href":"https:\/\/ln-digital.fr\/SOPHIEMONAVOCATE\/wp-json\/wp\/v2\/product_tag?post=511"}],"curies":[{"name":"wp","href":"https:\/\/api.w.org\/{rel}","templated":true}]}}